{"id":3745,"date":"2023-06-02T14:41:29","date_gmt":"2023-06-02T19:41:29","guid":{"rendered":"https:\/\/www.fondoadaptacion.gov.co\/gramaloteunarealidad\/?page_id=3745"},"modified":"2023-07-07T04:55:44","modified_gmt":"2023-07-07T09:55:44","slug":"mapa-del-sitio","status":"publish","type":"page","link":"https:\/\/www.fondoadaptacion.gov.co\/gramaloteunarealidad\/mapa-del-sitio\/","title":{"rendered":"Mapa del sitio"},"content":{"rendered":"\t\t<div data-elementor-type=\"wp-page\" data-elementor-id=\"3745\" class=\"elementor elementor-3745\">\n\t\t\t\t\t\t\t\t\t<section class=\"elementor-section elementor-top-section elementor-element elementor-element-bc23ae9 elementor-section-boxed elementor-section-height-default elementor-section-height-default\" data-id=\"bc23ae9\" data-element_type=\"section\">\n\t\t\t\t\t\t<div class=\"elementor-container elementor-column-gap-default\">\n\t\t\t\t\t<div class=\"elementor-column elementor-col-100 elementor-top-column elementor-element elementor-element-6e70536c\" data-id=\"6e70536c\" data-element_type=\"column\">\n\t\t\t<div class=\"elementor-widget-wrap elementor-element-populated\">\n\t\t\t\t\t\t\t\t<div class=\"elementor-element elementor-element-148a800 elementor-widget elementor-widget-heading\" data-id=\"148a800\" data-element_type=\"widget\" data-widget_type=\"heading.default\">\n\t\t\t\t<div class=\"elementor-widget-container\">\n\t\t\t<style>\/*! elementor - v3.13.2 - 11-05-2023 *\/\n.elementor-heading-title{padding:0;margin:0;line-height:1}.elementor-widget-heading .elementor-heading-title[class*=elementor-size-]>a{color:inherit;font-size:inherit;line-height:inherit}.elementor-widget-heading .elementor-heading-title.elementor-size-small{font-size:15px}.elementor-widget-heading .elementor-heading-title.elementor-size-medium{font-size:19px}.elementor-widget-heading .elementor-heading-title.elementor-size-large{font-size:29px}.elementor-widget-heading .elementor-heading-title.elementor-size-xl{font-size:39px}.elementor-widget-heading .elementor-heading-title.elementor-size-xxl{font-size:59px}<\/style><h2 class=\"elementor-heading-title elementor-size-large\">P\u00e1ginas<\/h2>\t\t<\/div>\n\t\t\t\t<\/div>\n\t\t\t\t<div class=\"elementor-element elementor-element-b11af32 elementor-drop-cap-yes elementor-drop-cap-view-default elementor-widget elementor-widget-text-editor\" data-id=\"b11af32\" data-element_type=\"widget\" data-settings=\"{&quot;drop_cap&quot;:&quot;yes&quot;}\" data-widget_type=\"text-editor.default\">\n\t\t\t\t<div class=\"elementor-widget-container\">\n\t\t\t<style>\/*! elementor - v3.13.2 - 11-05-2023 *\/\n.elementor-widget-text-editor.elementor-drop-cap-view-stacked .elementor-drop-cap{background-color:#69727d;color:#fff}.elementor-widget-text-editor.elementor-drop-cap-view-framed .elementor-drop-cap{color:#69727d;border:3px solid;background-color:transparent}.elementor-widget-text-editor:not(.elementor-drop-cap-view-default) .elementor-drop-cap{margin-top:8px}.elementor-widget-text-editor:not(.elementor-drop-cap-view-default) .elementor-drop-cap-letter{width:1em;height:1em}.elementor-widget-text-editor .elementor-drop-cap{float:left;text-align:center;line-height:1;font-size:50px}.elementor-widget-text-editor .elementor-drop-cap-letter{display:inline-block}<\/style>\t\t\t\t<h2><span style=\"color: #000080;\"><a style=\"color: #000080;\" href=\"https:\/\/www.fondoadaptacion.gov.co\/gramaloteunarealidad\/\">Home<\/a><\/span><\/h2><p><a href=\"https:\/\/www.fondoadaptacion.gov.co\/gramaloteunarealidad\/noticias\/\"><span style=\"text-decoration: underline; color: #ffffff;\"><span style=\"text-decoration: underline;\">\u00a0 \u00a0<\/span> <\/span>El renacer de Gramalote es una realidad<\/a><\/p><p>\u00a0 \u00a0 <a href=\"https:\/\/www.fondoadaptacion.gov.co\/gramaloteunarealidad\/2023\/04\/27\/el-desastre-natural-del-2010\/\">Desastre Natural 2010<\/a><\/p><p><a href=\"https:\/\/www.fondoadaptacion.gov.co\/gramaloteunarealidad\/componentes\/\"><span style=\"text-decoration: underline;\"><span style=\"color: #ffffff; text-decoration: underline;\">\u00a0 \u00a0 <\/span><\/span>Componentes<\/a><\/p><p><span style=\"text-decoration: underline; color: #ffffff;\">\u00a0 \u00a0 <\/span><a href=\"https:\/\/www.fondoadaptacion.gov.co\/index.php\/macroproyectos\/gramalote.html\">Cumpli\u00e9ndole a Gramalote<\/a><\/p><p><a href=\"https:\/\/www.fondoadaptacion.gov.co\/gramaloteunarealidad\/2023\/05\/22\/patrimonio-cultural\/\"><span style=\"text-decoration: underline; color: #ffffff;\">\u00a0 \u00a0 <\/span>Gramalote Tur\u00edstico<\/a><\/p><p><a href=\"https:\/\/www.youtube.com\/watch?v=F9UWKD5nzWc&amp;t=2s\"><span style=\"text-decoration: underline;\"><span style=\"color: #ffffff; text-decoration: underline;\">\u00a0 \u00a0 <\/span><\/span>Un pueblo que no se Rinde<\/a><\/p><h2><span style=\"color: #000080;\"><a style=\"color: #000080;\" href=\"https:\/\/www.fondoadaptacion.gov.co\/gramaloteunarealidad\/nosotros\/\">Nosotros<\/a><\/span><\/h2><p><a href=\"https:\/\/www.fondoadaptacion.gov.co\/gramaloteunarealidad\/2023\/04\/28\/historia-de-gramalote\/\"><span style=\"text-decoration: underline; color: #ffffff;\">\u00a0 \u00a0<\/span>Gramalote una realidad<\/a><\/p><p><span style=\"text-decoration: underline;\"><a href=\"https:\/\/www.desarrolloeconomicogramalote.com\/\"><span style=\"color: #ffffff; text-decoration: underline;\">\u00a0 \u00a0<\/span>Desarrollo Econ\u00f3mico<\/a><\/span><\/p><p><a href=\"https:\/\/www.fondoadaptacion.gov.co\/gramaloteunarealidad\/2023\/05\/22\/galeria-audiovisual\/\"><span style=\"text-decoration: underline; color: #ffffff;\">\u00a0 \u00a0<\/span>Galer\u00eda Audiovisual\u00a0<\/a><\/p><p><span style=\"text-decoration: underline;\"><a style=\"font-family: var( --e-global-typography-f8cdd91-font-family ), Sans-serif; font-size: var( --e-global-typography-f8cdd91-font-size ); font-weight: var( --e-global-typography-f8cdd91-font-weight ); letter-spacing: var( --e-global-typography-f8cdd91-letter-spacing ); word-spacing: var( --e-global-typography-f8cdd91-word-spacing ); background-color: #ffffff;\" href=\"https:\/\/www.flickr.com\/photos\/99646420@N04\/albums\"><span style=\"color: #ffffff; text-decoration: underline;\">\u00a0 \u00a0<\/span>Galer\u00eda Fotogr\u00e1fica<\/a><\/span><\/p><h2><span style=\"color: #000080;\"><a style=\"color: #000080;\" href=\"https:\/\/comunicadorescpg.wixsite.com\/comunicadores\">Comunicadores Populares<\/a><\/span><\/h2><h2><span style=\"color: #000080;\"><a style=\"color: #000080;\" href=\"https:\/\/www.fondoadaptacion.gov.co\/gramaloteunarealidad\/componentes\/\">Componentes<\/a><\/span><\/h2><p><a href=\"https:\/\/www.fondoadaptacion.gov.co\/gramaloteunarealidad\/tejido-social\/\"><span style=\"text-decoration: underline;\"><span style=\"color: #ffffff; text-decoration: underline;\">\u00a0 \u00a0 <\/span><\/span>Reconstrucci\u00f3n del tejido social para una comunidad resiliente<\/a><\/p><p><a href=\"https:\/\/www.fondoadaptacion.gov.co\/gramaloteunarealidad\/acceso-a-un-habitat\/\"><span style=\"text-decoration: underline; color: #ffffff;\">\u00a0 \u00a0 <\/span>Acceso a un h\u00e1bitat\u00a0 \u00a0sostenible y seguro<\/a><\/p><p><a href=\"https:\/\/www.fondoadaptacion.gov.co\/gramaloteunarealidad\/desarrollo-economico\/\"><span style=\"text-decoration: underline; color: #ffffff;\">\u00a0 \u00a0 <\/span>Reactivaci\u00f3n econ\u00f3mica<\/a><\/p><p><a href=\"https:\/\/www.fondoadaptacion.gov.co\/gramaloteunarealidad\/prevencion-y-mitigacion\/\"><span style=\"text-decoration: underline; color: #ffffff;\">\u00a0 \u00a0\u00a0<\/span>Prevenci\u00f3n y mitigaci\u00f3n de impactos a la poblaci\u00f3n receptora<\/a><\/p><p><a href=\"https:\/\/www.fondoadaptacion.gov.co\/gramaloteunarealidad\/gobernanza-y-fortalecimiento\/\"><span style=\"text-decoration: underline; color: #ffffff;\">\u00a0 \u00a0 <\/span>Gobernanza y fortalecimiento al gobierno local<\/a><\/p><p><a href=\"https:\/\/www.fondoadaptacion.gov.co\/gramaloteunarealidad\/comunicacion\/\"><span style=\"text-decoration: underline; color: #ffffff;\">\u00a0 \u00a0 <\/span>Mecanismos de comunicaci\u00f3n efectiva y permanente<\/a><\/p><p><span style=\"color: #000080;\"><a style=\"color: #000080;\" href=\"https:\/\/www.fondoadaptacion.gov.co\/gramaloteunarealidad\/contactenos\/\">Cont\u00e1ctenos<\/a><\/span><\/p>\t\t\t\t\t\t<\/div>\n\t\t\t\t<\/div>\n\t\t\t\t\t<\/div>\n\t\t<\/div>\n\t\t\t\t\t\t\t<\/div>\n\t\t<\/section>\n\t\t\t\t\t\t\t<\/div>\n\t\t","protected":false},"excerpt":{"rendered":"<p>P\u00e1ginas Home \u00a0 \u00a0 El renacer de Gramalote es una realidad \u00a0 \u00a0 Desastre Natural 2010 \u00a0 \u00a0 Componentes \u00a0 \u00a0 Cumpli\u00e9ndole a Gramalote \u00a0 \u00a0 Gramalote Tur\u00edstico \u00a0 \u00a0 Un pueblo que no se Rinde Nosotros \u00a0 \u00a0Gramalote una realidad \u00a0 \u00a0Desarrollo Econ\u00f3mico \u00a0 \u00a0Galer\u00eda Audiovisual\u00a0 \u00a0 \u00a0Galer\u00eda Fotogr\u00e1fica Comunicadores Populares Componentes \u00a0 \u00a0 [&hellip;]<\/p>\n","protected":false},"author":1,"featured_media":0,"parent":0,"menu_order":0,"comment_status":"closed","ping_status":"closed","template":"","meta":{"footnotes":""},"class_list":["post-3745","page","type-page","status-publish","hentry"],"_links":{"self":[{"href":"https:\/\/www.fondoadaptacion.gov.co\/gramaloteunarealidad\/wp-json\/wp\/v2\/pages\/3745","targetHints":{"allow":["GET"]}}],"collection":[{"href":"https:\/\/www.fondoadaptacion.gov.co\/gramaloteunarealidad\/wp-json\/wp\/v2\/pages"}],"about":[{"href":"https:\/\/www.fondoadaptacion.gov.co\/gramaloteunarealidad\/wp-json\/wp\/v2\/types\/page"}],"author":[{"embeddable":true,"href":"https:\/\/www.fondoadaptacion.gov.co\/gramaloteunarealidad\/wp-json\/wp\/v2\/users\/1"}],"replies":[{"embeddable":true,"href":"https:\/\/www.fondoadaptacion.gov.co\/gramaloteunarealidad\/wp-json\/wp\/v2\/comments?post=3745"}],"version-history":[{"count":133,"href":"https:\/\/www.fondoadaptacion.gov.co\/gramaloteunarealidad\/wp-json\/wp\/v2\/pages\/3745\/revisions"}],"predecessor-version":[{"id":5276,"href":"https:\/\/www.fondoadaptacion.gov.co\/gramaloteunarealidad\/wp-json\/wp\/v2\/pages\/3745\/revisions\/5276"}],"wp:attachment":[{"href":"https:\/\/www.fondoadaptacion.gov.co\/gramaloteunarealidad\/wp-json\/wp\/v2\/media?parent=3745"}],"curies":[{"name":"wp","href":"https:\/\/api.w.org\/{rel}","templated":true}]}}